{"id":179,"date":"2020-02-16T15:06:43","date_gmt":"2020-02-16T14:06:43","guid":{"rendered":"https:\/\/www.aloisiasmikrofon.de\/?page_id=179"},"modified":"2025-08-17T12:12:20","modified_gmt":"2025-08-17T10:12:20","slug":"ueber-mich-2","status":"publish","type":"page","link":"https:\/\/www.aloisiasmikrofon.de\/?page_id=179","title":{"rendered":"\u00dcber mich"},"content":{"rendered":"\t\t<div data-elementor-type=\"wp-page\" data-elementor-id=\"179\" class=\"elementor elementor-179\">\n\t\t\t\t\t\t<section class=\"elementor-section elementor-top-section elementor-element elementor-element-b53e156 elementor-section-boxed elementor-section-height-default elementor-section-height-default\" data-id=\"b53e156\" data-element_type=\"section\" data-e-type=\"section\">\n\t\t\t\t\t\t<div class=\"elementor-container elementor-column-gap-default\">\n\t\t\t\t\t<div class=\"elementor-column elementor-col-100 elementor-top-column elementor-element elementor-element-c097576\" data-id=\"c097576\" data-element_type=\"column\" data-e-type=\"column\">\n\t\t\t<div class=\"elementor-widget-wrap elementor-element-populated\">\n\t\t\t\t\t\t<section class=\"elementor-section elementor-inner-section elementor-element elementor-element-294844b elementor-section-boxed elementor-section-height-default elementor-section-height-default\" data-id=\"294844b\" data-element_type=\"section\" data-e-type=\"section\">\n\t\t\t\t\t\t<div class=\"elementor-container elementor-column-gap-default\">\n\t\t\t\t\t<div class=\"elementor-column elementor-col-33 elementor-inner-column elementor-element elementor-element-c21b285\" data-id=\"c21b285\" data-element_type=\"column\" data-e-type=\"column\">\n\t\t\t<div class=\"elementor-widget-wrap\">\n\t\t\t\t\t\t\t<\/div>\n\t\t<\/div>\n\t\t\t\t<div class=\"elementor-column elementor-col-33 elementor-inner-column elementor-element elementor-element-1515359\" data-id=\"1515359\" data-element_type=\"column\" data-e-type=\"column\">\n\t\t\t<div class=\"elementor-widget-wrap elementor-element-populated\">\n\t\t\t\t\t\t<div class=\"elementor-element elementor-element-c4f9a94 isa-ueber-mich elementor-widget elementor-widget-text-editor\" data-id=\"c4f9a94\" data-element_type=\"widget\" data-e-type=\"widget\" data-widget_type=\"text-editor.default\">\n\t\t\t\t<div class=\"elementor-widget-container\">\n\t\t\t\t\t\t\t\t\t<h1>Aloisia Kreienbaum<\/h1><div>Zertifizierte Mediensprecherin<\/div>\t\t\t\t\t\t\t\t<\/div>\n\t\t\t\t<\/div>\n\t\t\t\t\t<\/div>\n\t\t<\/div>\n\t\t\t\t<div class=\"elementor-column elementor-col-33 elementor-inner-column elementor-element elementor-element-a7e9129\" data-id=\"a7e9129\" data-element_type=\"column\" data-e-type=\"column\">\n\t\t\t<div class=\"elementor-widget-wrap\">\n\t\t\t\t\t\t\t<\/div>\n\t\t<\/div>\n\t\t\t\t\t<\/div>\n\t\t<\/section>\n\t\t\t\t\t<\/div>\n\t\t<\/div>\n\t\t\t\t\t<\/div>\n\t\t<\/section>\n\t\t\t\t<section class=\"elementor-section elementor-top-section elementor-element elementor-element-d224e4d elementor-section-boxed elementor-section-height-default elementor-section-height-default\" data-id=\"d224e4d\" data-element_type=\"section\" data-e-type=\"section\">\n\t\t\t\t\t\t<div class=\"elementor-container elementor-column-gap-default\">\n\t\t\t\t\t<div class=\"elementor-column elementor-col-100 elementor-top-column elementor-element elementor-element-d2b27ea\" data-id=\"d2b27ea\" data-element_type=\"column\" data-e-type=\"column\">\n\t\t\t<div class=\"elementor-widget-wrap elementor-element-populated\">\n\t\t\t\t\t\t<section class=\"elementor-section elementor-inner-section elementor-element elementor-element-1a72a43 elementor-section-boxed elementor-section-height-default elementor-section-height-default\" data-id=\"1a72a43\" data-element_type=\"section\" data-e-type=\"section\">\n\t\t\t\t\t\t<div class=\"elementor-container elementor-column-gap-default\">\n\t\t\t\t\t<div class=\"elementor-column elementor-col-33 elementor-inner-column elementor-element elementor-element-cb447a0\" data-id=\"cb447a0\" data-element_type=\"column\" data-e-type=\"column\">\n\t\t\t<div class=\"elementor-widget-wrap\">\n\t\t\t\t\t\t\t<\/div>\n\t\t<\/div>\n\t\t\t\t<div class=\"elementor-column elementor-col-33 elementor-inner-column elementor-element elementor-element-87a09ac\" data-id=\"87a09ac\" data-element_type=\"column\" data-e-type=\"column\">\n\t\t\t<div class=\"elementor-widget-wrap elementor-element-populated\">\n\t\t\t\t\t\t<div class=\"elementor-element elementor-element-e4fcea3 isa-ueber-mich-text elementor-widget elementor-widget-text-editor\" data-id=\"e4fcea3\" data-element_type=\"widget\" data-e-type=\"widget\" data-widget_type=\"text-editor.default\">\n\t\t\t\t<div class=\"elementor-widget-container\">\n\t\t\t\t\t\t\t\t\t<p>Stimmen k\u00f6nnen faszinieren, ber\u00fchren, absto\u00dfen&#8230;sie l\u00f6sen etwas in uns aus. Ob ich einer Stimme beim Sprechen zuh\u00f6re, oder beim Gesang lausche \u2013 sie bewirkt etwas in mir.<\/p>\n<p>Kein Instrument hat diese Wirkung auf Menschen, kann den Klang einer Stimme ersetzen.<\/p>\n<p>Jede Stimme ist einzigartig, so wie der Mensch, dem sie geh\u00f6rt&#8230; In diesem Fall mir: Aloisia Kreienbaum<\/p>\n<p><\/p>\n<p>Die Faszination f\u00fcr das Sprechen hat mich viele Jahre begleitet, bevor ich am Sprechstil Atelier D\u00fcsseldorf den Abschluss als Mediensprecherin erwarb.<\/p>\n<p>Ich spreche live in szenischen Lesungen &#8211; solo, im Duo oder mit dem Sprecher*innen Ensemble \u201estimm_kollektiv\u201c e.V. D\u00fcsseldorf.<\/p>\n<p><\/p>\n<p>Schauspielen am Mikrofon, Synchronsprechen, Improvisationsgesang und Schreiben sind nur einige meiner Fortbildungen.&nbsp;<\/p>\n<p>Meine Stimme entwickelt sich st\u00e4ndig weiter und ich entdecke immer neue Facetten.<\/p>\n<p>Profitieren Sie davon bei H\u00f6rbuch (Erwachsene und Kinder), H\u00f6rspiel, Erkl\u00e4rtexten, oder -videos, Voice Over, etc.<\/p>\n<p>Kontaktieren Sie mich gerne \u00fcber das Kontaktformular.&nbsp;<\/p>\n<p>Ich freue mich auf Sie!&nbsp;<\/p>\n<p><\/p>\t\t\t\t\t\t\t\t<\/div>\n\t\t\t\t<\/div>\n\t\t\t\t\t<\/div>\n\t\t<\/div>\n\t\t\t\t<div class=\"elementor-column elementor-col-33 elementor-inner-column elementor-element elementor-element-334d65c\" data-id=\"334d65c\" data-element_type=\"column\" data-e-type=\"column\">\n\t\t\t<div class=\"elementor-widget-wrap\">\n\t\t\t\t\t\t\t<\/div>\n\t\t<\/div>\n\t\t\t\t\t<\/div>\n\t\t<\/section>\n\t\t\t\t\t<\/div>\n\t\t<\/div>\n\t\t\t\t\t<\/div>\n\t\t<\/section>\n\t\t\t\t<\/div>\n\t\t","protected":false},"excerpt":{"rendered":"<p>Aloisia Kreienbaum Zertifizierte Mediensprecherin Stimmen k\u00f6nnen faszinieren, ber\u00fchren, absto\u00dfen&#8230;sie l\u00f6sen etwas in uns aus. Ob ich einer Stimme beim Sprechen zuh\u00f6re, oder beim Gesang lausche \u2013 sie bewirkt etwas in mir. Kein Instrument hat diese Wirkung auf Menschen, kann den&#8230; <a class=\"di-continue-reading\" href=\"https:\/\/www.aloisiasmikrofon.de\/?page_id=179\"> Continue Reading&#8230;<\/a><\/p>\n","protected":false},"author":1,"featured_media":0,"parent":0,"menu_order":0,"comment_status":"closed","ping_status":"closed","template":"","meta":{"h5ap_radio_sources":[],"footnotes":""},"class_list":["post-179","page","type-page","status-publish","hentry"],"_links":{"self":[{"href":"https:\/\/www.aloisiasmikrofon.de\/index.php?rest_route=\/wp\/v2\/pages\/179","targetHints":{"allow":["GET"]}}],"collection":[{"href":"https:\/\/www.aloisiasmikrofon.de\/index.php?rest_route=\/wp\/v2\/pages"}],"about":[{"href":"https:\/\/www.aloisiasmikrofon.de\/index.php?rest_route=\/wp\/v2\/types\/page"}],"author":[{"embeddable":true,"href":"https:\/\/www.aloisiasmikrofon.de\/index.php?rest_route=\/wp\/v2\/users\/1"}],"replies":[{"embeddable":true,"href":"https:\/\/www.aloisiasmikrofon.de\/index.php?rest_route=%2Fwp%2Fv2%2Fcomments&post=179"}],"version-history":[{"count":93,"href":"https:\/\/www.aloisiasmikrofon.de\/index.php?rest_route=\/wp\/v2\/pages\/179\/revisions"}],"predecessor-version":[{"id":1341,"href":"https:\/\/www.aloisiasmikrofon.de\/index.php?rest_route=\/wp\/v2\/pages\/179\/revisions\/1341"}],"wp:attachment":[{"href":"https:\/\/www.aloisiasmikrofon.de\/index.php?rest_route=%2Fwp%2Fv2%2Fmedia&parent=179"}],"curies":[{"name":"wp","href":"https:\/\/api.w.org\/{rel}","templated":true}]}}