{"id":183,"date":"2020-02-16T15:07:48","date_gmt":"2020-02-16T14:07:48","guid":{"rendered":"https:\/\/www.aloisiasmikrofon.de\/?page_id=183"},"modified":"2025-08-17T13:28:15","modified_gmt":"2025-08-17T11:28:15","slug":"183-2","status":"publish","type":"page","link":"https:\/\/www.aloisiasmikrofon.de\/?page_id=183","title":{"rendered":"H\u00f6rproben"},"content":{"rendered":"\t\t<div data-elementor-type=\"wp-page\" data-elementor-id=\"183\" class=\"elementor elementor-183\">\n\t\t\t\t\t\t<section class=\"elementor-section elementor-top-section elementor-element elementor-element-2d92746 elementor-section-boxed elementor-section-height-default elementor-section-height-default\" data-id=\"2d92746\" data-element_type=\"section\" data-e-type=\"section\">\n\t\t\t\t\t\t<div class=\"elementor-container elementor-column-gap-default\">\n\t\t\t\t\t<div class=\"elementor-column elementor-col-100 elementor-top-column elementor-element elementor-element-fb57a82\" data-id=\"fb57a82\" data-element_type=\"column\" data-e-type=\"column\">\n\t\t\t<div class=\"elementor-widget-wrap elementor-element-populated\">\n\t\t\t\t\t\t<section class=\"elementor-section elementor-inner-section elementor-element elementor-element-336985c elementor-section-boxed elementor-section-height-default elementor-section-height-default\" data-id=\"336985c\" data-element_type=\"section\" data-e-type=\"section\">\n\t\t\t\t\t\t<div class=\"elementor-container elementor-column-gap-default\">\n\t\t\t\t\t<div class=\"elementor-column elementor-col-33 elementor-inner-column elementor-element elementor-element-a4fc50d\" data-id=\"a4fc50d\" data-element_type=\"column\" data-e-type=\"column\">\n\t\t\t<div class=\"elementor-widget-wrap\">\n\t\t\t\t\t\t\t<\/div>\n\t\t<\/div>\n\t\t\t\t<div class=\"elementor-column elementor-col-33 elementor-inner-column elementor-element elementor-element-c953dfc\" data-id=\"c953dfc\" data-element_type=\"column\" data-e-type=\"column\">\n\t\t\t<div class=\"elementor-widget-wrap elementor-element-populated\">\n\t\t\t\t\t\t<div class=\"elementor-element elementor-element-60cf01f isa-hoerpoben elementor-widget elementor-widget-text-editor\" data-id=\"60cf01f\" data-element_type=\"widget\" data-e-type=\"widget\" data-widget_type=\"text-editor.default\">\n\t\t\t\t<div class=\"elementor-widget-container\">\n\t\t\t\t\t\t\t\t\t<h1>H\u00f6rproben<\/h1>\t\t\t\t\t\t\t\t<\/div>\n\t\t\t\t<\/div>\n\t\t\t\t\t<\/div>\n\t\t<\/div>\n\t\t\t\t<div class=\"elementor-column elementor-col-33 elementor-inner-column elementor-element elementor-element-3da8835\" data-id=\"3da8835\" data-element_type=\"column\" data-e-type=\"column\">\n\t\t\t<div class=\"elementor-widget-wrap\">\n\t\t\t\t\t\t\t<\/div>\n\t\t<\/div>\n\t\t\t\t\t<\/div>\n\t\t<\/section>\n\t\t\t\t\t<\/div>\n\t\t<\/div>\n\t\t\t\t\t<\/div>\n\t\t<\/section>\n\t\t\t\t<section class=\"elementor-section elementor-top-section elementor-element elementor-element-a86c0b8 elementor-section-boxed elementor-section-height-default elementor-section-height-default\" data-id=\"a86c0b8\" data-element_type=\"section\" data-e-type=\"section\">\n\t\t\t\t\t\t<div class=\"elementor-container elementor-column-gap-default\">\n\t\t\t\t\t<div class=\"elementor-column elementor-col-100 elementor-top-column elementor-element elementor-element-7e6c00f\" data-id=\"7e6c00f\" data-element_type=\"column\" data-e-type=\"column\">\n\t\t\t<div class=\"elementor-widget-wrap elementor-element-populated\">\n\t\t\t\t\t\t<section class=\"elementor-section elementor-inner-section elementor-element elementor-element-12c7678 elementor-section-boxed elementor-section-height-default elementor-section-height-default\" data-id=\"12c7678\" data-element_type=\"section\" data-e-type=\"section\">\n\t\t\t\t\t\t<div class=\"elementor-container elementor-column-gap-default\">\n\t\t\t\t\t<div class=\"elementor-column elementor-col-33 elementor-inner-column elementor-element elementor-element-727cb43\" data-id=\"727cb43\" data-element_type=\"column\" data-e-type=\"column\">\n\t\t\t<div class=\"elementor-widget-wrap\">\n\t\t\t\t\t\t\t<\/div>\n\t\t<\/div>\n\t\t\t\t<div class=\"elementor-column elementor-col-33 elementor-inner-column elementor-element elementor-element-95197ee\" data-id=\"95197ee\" data-element_type=\"column\" data-e-type=\"column\">\n\t\t\t<div class=\"elementor-widget-wrap elementor-element-populated\">\n\t\t\t\t\t\t<div class=\"elementor-element elementor-element-d187531 elementor-widget__width-initial elementor-widget elementor-widget-SimpleAudioPlayer\" data-id=\"d187531\" data-element_type=\"widget\" data-e-type=\"widget\" data-widget_type=\"SimpleAudioPlayer.default\">\n\t\t\t\t<div class=\"elementor-widget-container\">\n\t\t\t\t\t\n\t\t<div class=\"skin_simple h5ap_standard_player\" data-options='{\"controls\":[\"play\",\"progress\",\"current-time\",\"duration\",\"mute\",\"volume\",\"settings\"],\"seekTime\":15}'>\n\t\t\t<audio controls id=\"bplayer_id\" >\n\t\t\t\t<source src=\"https:\/\/www.aloisiasmikrofon.de\/wp-content\/uploads\/1635\/53\/Der-Kurfuerstendamm.mp3?download=false\" type=\"audio\/mp3\">\n\t\t\t<\/audio>\n\t\t<\/div>\n\n\t\t\t\t<\/div>\n\t\t\t\t<\/div>\n\t\t\t\t\t<\/div>\n\t\t<\/div>\n\t\t\t\t<div class=\"elementor-column elementor-col-33 elementor-inner-column elementor-element elementor-element-0f282ad\" data-id=\"0f282ad\" data-element_type=\"column\" data-e-type=\"column\">\n\t\t\t<div class=\"elementor-widget-wrap elementor-element-populated\">\n\t\t\t\t\t\t<div class=\"elementor-element elementor-element-247b506 elementor-widget elementor-widget-text-editor\" data-id=\"247b506\" data-element_type=\"widget\" data-e-type=\"widget\" data-widget_type=\"text-editor.default\">\n\t\t\t\t<div class=\"elementor-widget-container\">\n\t\t\t\t\t\t\t\t\t<h1>Audioguide<\/h1>\t\t\t\t\t\t\t\t<\/div>\n\t\t\t\t<\/div>\n\t\t\t\t\t<\/div>\n\t\t<\/div>\n\t\t\t\t\t<\/div>\n\t\t<\/section>\n\t\t\t\t<section class=\"elementor-section elementor-inner-section elementor-element elementor-element-d15e19b elementor-section-boxed elementor-section-height-default elementor-section-height-default\" data-id=\"d15e19b\" data-element_type=\"section\" data-e-type=\"section\">\n\t\t\t\t\t\t<div class=\"elementor-container elementor-column-gap-default\">\n\t\t\t\t\t<div class=\"elementor-column elementor-col-33 elementor-inner-column elementor-element elementor-element-71560d0\" data-id=\"71560d0\" data-element_type=\"column\" data-e-type=\"column\">\n\t\t\t<div class=\"elementor-widget-wrap\">\n\t\t\t\t\t\t\t<\/div>\n\t\t<\/div>\n\t\t\t\t<div class=\"elementor-column elementor-col-33 elementor-inner-column elementor-element elementor-element-a69bc40\" data-id=\"a69bc40\" data-element_type=\"column\" data-e-type=\"column\">\n\t\t\t<div class=\"elementor-widget-wrap elementor-element-populated\">\n\t\t\t\t\t\t<div class=\"elementor-element elementor-element-3db3c8a elementor-widget elementor-widget-SimpleAudioPlayer\" data-id=\"3db3c8a\" data-element_type=\"widget\" data-e-type=\"widget\" data-widget_type=\"SimpleAudioPlayer.default\">\n\t\t\t\t<div class=\"elementor-widget-container\">\n\t\t\t\t\t\n\t\t<div class=\"skin_simple h5ap_standard_player\" data-options='{\"controls\":[\"play\",\"progress\",\"current-time\",\"duration\",\"mute\",\"volume\",\"settings\"],\"seekTime\":15}'>\n\t\t\t<audio controls id=\"bplayer_id\" >\n\t\t\t\t<source src=\"https:\/\/www.aloisiasmikrofon.de\/wp-content\/uploads\/2020\/03\/Werbespot_final.mp3?download=false\" type=\"audio\/mp3\">\n\t\t\t<\/audio>\n\t\t<\/div>\n\n\t\t\t\t<\/div>\n\t\t\t\t<\/div>\n\t\t\t\t\t<\/div>\n\t\t<\/div>\n\t\t\t\t<div class=\"elementor-column elementor-col-33 elementor-inner-column elementor-element elementor-element-f4e0653\" data-id=\"f4e0653\" data-element_type=\"column\" data-e-type=\"column\">\n\t\t\t<div class=\"elementor-widget-wrap elementor-element-populated\">\n\t\t\t\t\t\t<div class=\"elementor-element elementor-element-03444c7 elementor-widget elementor-widget-text-editor\" data-id=\"03444c7\" data-element_type=\"widget\" data-e-type=\"widget\" data-widget_type=\"text-editor.default\">\n\t\t\t\t<div class=\"elementor-widget-container\">\n\t\t\t\t\t\t\t\t\t<h1>Werbespot<\/h1>\t\t\t\t\t\t\t\t<\/div>\n\t\t\t\t<\/div>\n\t\t\t\t\t<\/div>\n\t\t<\/div>\n\t\t\t\t\t<\/div>\n\t\t<\/section>\n\t\t\t\t<section class=\"elementor-section elementor-inner-section elementor-element elementor-element-137b164 elementor-section-boxed elementor-section-height-default elementor-section-height-default\" data-id=\"137b164\" data-element_type=\"section\" data-e-type=\"section\">\n\t\t\t\t\t\t<div class=\"elementor-container elementor-column-gap-default\">\n\t\t\t\t\t<div class=\"elementor-column elementor-col-33 elementor-inner-column elementor-element elementor-element-5bcf2af\" data-id=\"5bcf2af\" data-element_type=\"column\" data-e-type=\"column\">\n\t\t\t<div class=\"elementor-widget-wrap\">\n\t\t\t\t\t\t\t<\/div>\n\t\t<\/div>\n\t\t\t\t<div class=\"elementor-column elementor-col-33 elementor-inner-column elementor-element elementor-element-2551b3a\" data-id=\"2551b3a\" data-element_type=\"column\" data-e-type=\"column\">\n\t\t\t<div class=\"elementor-widget-wrap elementor-element-populated\">\n\t\t\t\t\t\t<div class=\"elementor-element elementor-element-2107d8e elementor-widget elementor-widget-SimpleAudioPlayer\" data-id=\"2107d8e\" data-element_type=\"widget\" data-e-type=\"widget\" data-widget_type=\"SimpleAudioPlayer.default\">\n\t\t\t\t<div class=\"elementor-widget-container\">\n\t\t\t\t\t\n\t\t<div class=\"skin_simple h5ap_standard_player\" data-options='{\"controls\":[\"play\",\"progress\",\"current-time\",\"duration\",\"mute\",\"volume\",\"settings\"],\"seekTime\":15}'>\n\t\t\t<audio controls id=\"bplayer_id\" >\n\t\t\t\t<source src=\"https:\/\/www.aloisiasmikrofon.de\/wp-content\/uploads\/2020\/03\/Schwefelh\u00f6lzchen.mp3?download=false\" type=\"audio\/mp3\">\n\t\t\t<\/audio>\n\t\t<\/div>\n\n\t\t\t\t<\/div>\n\t\t\t\t<\/div>\n\t\t\t\t\t<\/div>\n\t\t<\/div>\n\t\t\t\t<div class=\"elementor-column elementor-col-33 elementor-inner-column elementor-element elementor-element-22c7927\" data-id=\"22c7927\" data-element_type=\"column\" data-e-type=\"column\">\n\t\t\t<div class=\"elementor-widget-wrap elementor-element-populated\">\n\t\t\t\t\t\t<div class=\"elementor-element elementor-element-45118a4 elementor-widget elementor-widget-text-editor\" data-id=\"45118a4\" data-element_type=\"widget\" data-e-type=\"widget\" data-widget_type=\"text-editor.default\">\n\t\t\t\t<div class=\"elementor-widget-container\">\n\t\t\t\t\t\t\t\t\t<h1>Prosa: M\u00e4rchen<\/h1>\t\t\t\t\t\t\t\t<\/div>\n\t\t\t\t<\/div>\n\t\t\t\t\t<\/div>\n\t\t<\/div>\n\t\t\t\t\t<\/div>\n\t\t<\/section>\n\t\t\t\t<section class=\"elementor-section elementor-inner-section elementor-element elementor-element-af43df6 elementor-section-boxed elementor-section-height-default elementor-section-height-default\" data-id=\"af43df6\" data-element_type=\"section\" data-e-type=\"section\">\n\t\t\t\t\t\t<div class=\"elementor-container elementor-column-gap-default\">\n\t\t\t\t\t<div class=\"elementor-column elementor-col-33 elementor-inner-column elementor-element elementor-element-8a401a3\" data-id=\"8a401a3\" data-element_type=\"column\" data-e-type=\"column\">\n\t\t\t<div class=\"elementor-widget-wrap\">\n\t\t\t\t\t\t\t<\/div>\n\t\t<\/div>\n\t\t\t\t<div class=\"elementor-column elementor-col-33 elementor-inner-column elementor-element elementor-element-776c0f8\" data-id=\"776c0f8\" data-element_type=\"column\" data-e-type=\"column\">\n\t\t\t<div class=\"elementor-widget-wrap elementor-element-populated\">\n\t\t\t\t\t\t<div class=\"elementor-element elementor-element-78aad8e elementor-widget elementor-widget-SimpleAudioPlayer\" data-id=\"78aad8e\" data-element_type=\"widget\" data-e-type=\"widget\" data-widget_type=\"SimpleAudioPlayer.default\">\n\t\t\t\t<div class=\"elementor-widget-container\">\n\t\t\t\t\t\n\t\t<div class=\"skin_simple h5ap_standard_player\" data-options='{\"controls\":[\"play\",\"progress\",\"current-time\",\"duration\",\"mute\",\"volume\",\"settings\"],\"seekTime\":15}'>\n\t\t\t<audio controls id=\"bplayer_id\" >\n\t\t\t\t<source src=\"https:\/\/www.aloisiasmikrofon.de\/wp-content\/uploads\/2020\/03\/Schimmelreiter.mp3?download=false\" type=\"audio\/mp3\">\n\t\t\t<\/audio>\n\t\t<\/div>\n\n\t\t\t\t<\/div>\n\t\t\t\t<\/div>\n\t\t\t\t\t<\/div>\n\t\t<\/div>\n\t\t\t\t<div class=\"elementor-column elementor-col-33 elementor-inner-column elementor-element elementor-element-79ad593\" data-id=\"79ad593\" data-element_type=\"column\" data-e-type=\"column\">\n\t\t\t<div class=\"elementor-widget-wrap elementor-element-populated\">\n\t\t\t\t\t\t<div class=\"elementor-element elementor-element-0688ea2 elementor-widget elementor-widget-text-editor\" data-id=\"0688ea2\" data-element_type=\"widget\" data-e-type=\"widget\" data-widget_type=\"text-editor.default\">\n\t\t\t\t<div class=\"elementor-widget-container\">\n\t\t\t\t\t\t\t\t\t<h1>Prosa: Roman<\/h1>\t\t\t\t\t\t\t\t<\/div>\n\t\t\t\t<\/div>\n\t\t\t\t\t<\/div>\n\t\t<\/div>\n\t\t\t\t\t<\/div>\n\t\t<\/section>\n\t\t\t\t<section class=\"elementor-section elementor-inner-section elementor-element elementor-element-c03a40c elementor-section-boxed elementor-section-height-default elementor-section-height-default\" data-id=\"c03a40c\" data-element_type=\"section\" data-e-type=\"section\">\n\t\t\t\t\t\t<div class=\"elementor-container elementor-column-gap-default\">\n\t\t\t\t\t<div class=\"elementor-column elementor-col-33 elementor-inner-column elementor-element elementor-element-71cdc65\" data-id=\"71cdc65\" data-element_type=\"column\" data-e-type=\"column\">\n\t\t\t<div class=\"elementor-widget-wrap\">\n\t\t\t\t\t\t\t<\/div>\n\t\t<\/div>\n\t\t\t\t<div class=\"elementor-column elementor-col-33 elementor-inner-column elementor-element elementor-element-28b86af\" data-id=\"28b86af\" data-element_type=\"column\" data-e-type=\"column\">\n\t\t\t<div class=\"elementor-widget-wrap elementor-element-populated\">\n\t\t\t\t\t\t<div class=\"elementor-element elementor-element-76e17a9 elementor-widget elementor-widget-SimpleAudioPlayer\" data-id=\"76e17a9\" data-element_type=\"widget\" data-e-type=\"widget\" data-widget_type=\"SimpleAudioPlayer.default\">\n\t\t\t\t<div class=\"elementor-widget-container\">\n\t\t\t\t\t\n\t\t<div class=\"skin_simple h5ap_standard_player\" data-options='{\"controls\":[\"play\",\"progress\",\"current-time\",\"duration\",\"mute\",\"volume\",\"settings\"],\"seekTime\":15}'>\n\t\t\t<audio controls id=\"bplayer_id\" >\n\t\t\t\t<source src=\"https:\/\/www.aloisiasmikrofon.de\/wp-content\/uploads\/2020\/09\/Poe.mp3?download=false\" type=\"audio\/mp3\">\n\t\t\t<\/audio>\n\t\t<\/div>\n\n\t\t\t\t<\/div>\n\t\t\t\t<\/div>\n\t\t\t\t\t<\/div>\n\t\t<\/div>\n\t\t\t\t<div class=\"elementor-column elementor-col-33 elementor-inner-column elementor-element elementor-element-266f652\" data-id=\"266f652\" data-element_type=\"column\" data-e-type=\"column\">\n\t\t\t<div class=\"elementor-widget-wrap elementor-element-populated\">\n\t\t\t\t\t\t<div class=\"elementor-element elementor-element-62d3035 elementor-widget elementor-widget-text-editor\" data-id=\"62d3035\" data-element_type=\"widget\" data-e-type=\"widget\" data-widget_type=\"text-editor.default\">\n\t\t\t\t<div class=\"elementor-widget-container\">\n\t\t\t\t\t\t\t\t\t<h1>Gruselklassiker: Poe<\/h1>\t\t\t\t\t\t\t\t<\/div>\n\t\t\t\t<\/div>\n\t\t\t\t\t<\/div>\n\t\t<\/div>\n\t\t\t\t\t<\/div>\n\t\t<\/section>\n\t\t\t\t<section class=\"elementor-section elementor-inner-section elementor-element elementor-element-4252101 elementor-section-boxed elementor-section-height-default elementor-section-height-default\" data-id=\"4252101\" data-element_type=\"section\" data-e-type=\"section\">\n\t\t\t\t\t\t<div class=\"elementor-container elementor-column-gap-default\">\n\t\t\t\t\t<div class=\"elementor-column elementor-col-33 elementor-inner-column elementor-element elementor-element-8ec241e\" data-id=\"8ec241e\" data-element_type=\"column\" data-e-type=\"column\">\n\t\t\t<div class=\"elementor-widget-wrap\">\n\t\t\t\t\t\t\t<\/div>\n\t\t<\/div>\n\t\t\t\t<div class=\"elementor-column elementor-col-33 elementor-inner-column elementor-element elementor-element-b0d0b30\" data-id=\"b0d0b30\" data-element_type=\"column\" data-e-type=\"column\">\n\t\t\t<div class=\"elementor-widget-wrap elementor-element-populated\">\n\t\t\t\t\t\t<div class=\"elementor-element elementor-element-dc50f22 elementor-widget elementor-widget-SimpleAudioPlayer\" data-id=\"dc50f22\" data-element_type=\"widget\" data-e-type=\"widget\" data-widget_type=\"SimpleAudioPlayer.default\">\n\t\t\t\t<div class=\"elementor-widget-container\">\n\t\t\t\t\t\n\t\t<div class=\"skin_simple h5ap_standard_player\" data-options='{\"controls\":[\"play\",\"progress\",\"current-time\",\"duration\",\"mute\",\"volume\",\"settings\"],\"seekTime\":15}'>\n\t\t\t<audio controls id=\"bplayer_id\" >\n\t\t\t\t<source src=\"https:\/\/www.aloisiasmikrofon.de\/wp-content\/uploads\/1635\/53\/Kinderbuch.mp3?download=false\" type=\"audio\/mp3\">\n\t\t\t<\/audio>\n\t\t<\/div>\n\n\t\t\t\t<\/div>\n\t\t\t\t<\/div>\n\t\t\t\t\t<\/div>\n\t\t<\/div>\n\t\t\t\t<div class=\"elementor-column elementor-col-33 elementor-inner-column elementor-element elementor-element-b8652ee\" data-id=\"b8652ee\" data-element_type=\"column\" data-e-type=\"column\">\n\t\t\t<div class=\"elementor-widget-wrap elementor-element-populated\">\n\t\t\t\t\t\t<div class=\"elementor-element elementor-element-c15cc6b elementor-widget elementor-widget-text-editor\" data-id=\"c15cc6b\" data-element_type=\"widget\" data-e-type=\"widget\" data-widget_type=\"text-editor.default\">\n\t\t\t\t<div class=\"elementor-widget-container\">\n\t\t\t\t\t\t\t\t\t<h1>Kinderliteratur<\/h1>\t\t\t\t\t\t\t\t<\/div>\n\t\t\t\t<\/div>\n\t\t\t\t\t<\/div>\n\t\t<\/div>\n\t\t\t\t\t<\/div>\n\t\t<\/section>\n\t\t\t\t<section class=\"elementor-section elementor-inner-section elementor-element elementor-element-e1df273 elementor-section-boxed elementor-section-height-default elementor-section-height-default\" data-id=\"e1df273\" data-element_type=\"section\" data-e-type=\"section\">\n\t\t\t\t\t\t<div class=\"elementor-container elementor-column-gap-default\">\n\t\t\t\t\t<div class=\"elementor-column elementor-col-33 elementor-inner-column elementor-element elementor-element-f1ce705\" data-id=\"f1ce705\" data-element_type=\"column\" data-e-type=\"column\">\n\t\t\t<div class=\"elementor-widget-wrap\">\n\t\t\t\t\t\t\t<\/div>\n\t\t<\/div>\n\t\t\t\t<div class=\"elementor-column elementor-col-33 elementor-inner-column elementor-element elementor-element-eb249a6\" data-id=\"eb249a6\" data-element_type=\"column\" data-e-type=\"column\">\n\t\t\t<div class=\"elementor-widget-wrap elementor-element-populated\">\n\t\t\t\t\t\t<div class=\"elementor-element elementor-element-6159f3f elementor-widget elementor-widget-SimpleAudioPlayer\" data-id=\"6159f3f\" data-element_type=\"widget\" data-e-type=\"widget\" data-widget_type=\"SimpleAudioPlayer.default\">\n\t\t\t\t<div class=\"elementor-widget-container\">\n\t\t\t\t\t\n\t\t<div class=\"skin_simple h5ap_standard_player\" data-options='{\"controls\":[\"play\",\"progress\",\"current-time\",\"duration\",\"mute\",\"volume\",\"settings\"],\"seekTime\":15}'>\n\t\t\t<audio controls id=\"bplayer_id\" >\n\t\t\t\t<source src=\"https:\/\/www.aloisiasmikrofon.de\/wp-content\/uploads\/2020\/04\/Aloisia%20Dialog%20mit%20Roger.mp3?download=false\" type=\"audio\/mp3\">\n\t\t\t<\/audio>\n\t\t<\/div>\n\n\t\t\t\t<\/div>\n\t\t\t\t<\/div>\n\t\t\t\t\t<\/div>\n\t\t<\/div>\n\t\t\t\t<div class=\"elementor-column elementor-col-33 elementor-inner-column elementor-element elementor-element-2b90a47\" data-id=\"2b90a47\" data-element_type=\"column\" data-e-type=\"column\">\n\t\t\t<div class=\"elementor-widget-wrap elementor-element-populated\">\n\t\t\t\t\t\t<div class=\"elementor-element elementor-element-822f696 elementor-widget elementor-widget-text-editor\" data-id=\"822f696\" data-element_type=\"widget\" data-e-type=\"widget\" data-widget_type=\"text-editor.default\">\n\t\t\t\t<div class=\"elementor-widget-container\">\n\t\t\t\t\t\t\t\t\t<h1>Dialog: M\u00e4rchen<\/h1>\t\t\t\t\t\t\t\t<\/div>\n\t\t\t\t<\/div>\n\t\t\t\t\t<\/div>\n\t\t<\/div>\n\t\t\t\t\t<\/div>\n\t\t<\/section>\n\t\t\t\t<section class=\"elementor-section elementor-inner-section elementor-element elementor-element-4e5e07f elementor-section-boxed elementor-section-height-default elementor-section-height-default\" data-id=\"4e5e07f\" data-element_type=\"section\" data-e-type=\"section\">\n\t\t\t\t\t\t<div class=\"elementor-container elementor-column-gap-default\">\n\t\t\t\t\t<div class=\"elementor-column elementor-col-33 elementor-inner-column elementor-element elementor-element-55eb318\" data-id=\"55eb318\" data-element_type=\"column\" data-e-type=\"column\">\n\t\t\t<div class=\"elementor-widget-wrap\">\n\t\t\t\t\t\t\t<\/div>\n\t\t<\/div>\n\t\t\t\t<div class=\"elementor-column elementor-col-33 elementor-inner-column elementor-element elementor-element-f4be853\" data-id=\"f4be853\" data-element_type=\"column\" data-e-type=\"column\">\n\t\t\t<div class=\"elementor-widget-wrap elementor-element-populated\">\n\t\t\t\t\t\t<div class=\"elementor-element elementor-element-34f7c9e elementor-widget elementor-widget-SimpleAudioPlayer\" data-id=\"34f7c9e\" data-element_type=\"widget\" data-e-type=\"widget\" data-widget_type=\"SimpleAudioPlayer.default\">\n\t\t\t\t<div class=\"elementor-widget-container\">\n\t\t\t\t\t\n\t\t<div class=\"skin_simple h5ap_standard_player\" data-options='{\"controls\":[\"play\",\"progress\",\"current-time\",\"duration\",\"mute\",\"volume\",\"settings\"],\"seekTime\":15}'>\n\t\t\t<audio controls id=\"bplayer_id\" >\n\t\t\t\t<source src=\"https:\/\/www.aloisiasmikrofon.de\/wp-content\/uploads\/2020\/05\/Nora-vollst\u00e4ndig-final.mp3?download=false\" type=\"audio\/mp3\">\n\t\t\t<\/audio>\n\t\t<\/div>\n\n\t\t\t\t<\/div>\n\t\t\t\t<\/div>\n\t\t\t\t\t<\/div>\n\t\t<\/div>\n\t\t\t\t<div class=\"elementor-column elementor-col-33 elementor-inner-column elementor-element elementor-element-39ba164\" data-id=\"39ba164\" data-element_type=\"column\" data-e-type=\"column\">\n\t\t\t<div class=\"elementor-widget-wrap elementor-element-populated\">\n\t\t\t\t\t\t<div class=\"elementor-element elementor-element-ba8f6ee elementor-widget elementor-widget-text-editor\" data-id=\"ba8f6ee\" data-element_type=\"widget\" data-e-type=\"widget\" data-widget_type=\"text-editor.default\">\n\t\t\t\t<div class=\"elementor-widget-container\">\n\t\t\t\t\t\t\t\t\t<h1 style=\"color: #ffffff; letter-spacing: normal; text-transform: none;\">Dialog: Theaterst\u00fcck<\/h1>\t\t\t\t\t\t\t\t<\/div>\n\t\t\t\t<\/div>\n\t\t\t\t\t<\/div>\n\t\t<\/div>\n\t\t\t\t\t<\/div>\n\t\t<\/section>\n\t\t\t\t<section class=\"elementor-section elementor-inner-section elementor-element elementor-element-a42d25b elementor-section-boxed elementor-section-height-default elementor-section-height-default\" data-id=\"a42d25b\" data-element_type=\"section\" data-e-type=\"section\">\n\t\t\t\t\t\t<div class=\"elementor-container elementor-column-gap-default\">\n\t\t\t\t\t<div class=\"elementor-column elementor-col-33 elementor-inner-column elementor-element elementor-element-152c7aa\" data-id=\"152c7aa\" data-element_type=\"column\" data-e-type=\"column\">\n\t\t\t<div class=\"elementor-widget-wrap\">\n\t\t\t\t\t\t\t<\/div>\n\t\t<\/div>\n\t\t\t\t<div class=\"elementor-column elementor-col-33 elementor-inner-column elementor-element elementor-element-c68e36e\" data-id=\"c68e36e\" data-element_type=\"column\" data-e-type=\"column\">\n\t\t\t<div class=\"elementor-widget-wrap elementor-element-populated\">\n\t\t\t\t\t\t<div class=\"elementor-element elementor-element-300b0ef elementor-widget elementor-widget-SimpleAudioPlayer\" data-id=\"300b0ef\" data-element_type=\"widget\" data-e-type=\"widget\" data-widget_type=\"SimpleAudioPlayer.default\">\n\t\t\t\t<div class=\"elementor-widget-container\">\n\t\t\t\t\t\n\t\t<div class=\"skin_simple h5ap_standard_player\" data-options='{\"controls\":[\"play\",\"progress\",\"current-time\",\"duration\",\"mute\",\"volume\",\"settings\"],\"seekTime\":15}'>\n\t\t\t<audio controls id=\"bplayer_id\" >\n\t\t\t\t<source src=\"https:\/\/www.aloisiasmikrofon.de\/wp-content\/uploads\/2020\/03\/Erk\u00e4rtext.mp3?download=false\" type=\"audio\/mp3\">\n\t\t\t<\/audio>\n\t\t<\/div>\n\n\t\t\t\t<\/div>\n\t\t\t\t<\/div>\n\t\t\t\t\t<\/div>\n\t\t<\/div>\n\t\t\t\t<div class=\"elementor-column elementor-col-33 elementor-inner-column elementor-element elementor-element-4e387d4\" data-id=\"4e387d4\" data-element_type=\"column\" data-e-type=\"column\">\n\t\t\t<div class=\"elementor-widget-wrap elementor-element-populated\">\n\t\t\t\t\t\t<div class=\"elementor-element elementor-element-de2bbf7 elementor-widget elementor-widget-text-editor\" data-id=\"de2bbf7\" data-element_type=\"widget\" data-e-type=\"widget\" data-widget_type=\"text-editor.default\">\n\t\t\t\t<div class=\"elementor-widget-container\">\n\t\t\t\t\t\t\t\t\t<h1 style=\"color: #ffffff; letter-spacing: normal; text-transform: none;\">Erkl\u00e4rtext<\/h1>\t\t\t\t\t\t\t\t<\/div>\n\t\t\t\t<\/div>\n\t\t\t\t\t<\/div>\n\t\t<\/div>\n\t\t\t\t\t<\/div>\n\t\t<\/section>\n\t\t\t\t\t<\/div>\n\t\t<\/div>\n\t\t\t\t\t<\/div>\n\t\t<\/section>\n\t\t\t\t<\/div>\n\t\t","protected":false},"excerpt":{"rendered":"<p>H\u00f6rproben Audioguide Werbespot Prosa: M\u00e4rchen Prosa: Roman Gruselklassiker: Poe Kinderliteratur Dialog: M\u00e4rchen Dialog: Theaterst\u00fcck Erkl\u00e4rtext<\/p>\n","protected":false},"author":1,"featured_media":0,"parent":0,"menu_order":0,"comment_status":"closed","ping_status":"closed","template":"","meta":{"h5ap_radio_sources":[],"footnotes":""},"class_list":["post-183","page","type-page","status-publish","hentry"],"_links":{"self":[{"href":"https:\/\/www.aloisiasmikrofon.de\/index.php?rest_route=\/wp\/v2\/pages\/183","targetHints":{"allow":["GET"]}}],"collection":[{"href":"https:\/\/www.aloisiasmikrofon.de\/index.php?rest_route=\/wp\/v2\/pages"}],"about":[{"href":"https:\/\/www.aloisiasmikrofon.de\/index.php?rest_route=\/wp\/v2\/types\/page"}],"author":[{"embeddable":true,"href":"https:\/\/www.aloisiasmikrofon.de\/index.php?rest_route=\/wp\/v2\/users\/1"}],"replies":[{"embeddable":true,"href":"https:\/\/www.aloisiasmikrofon.de\/index.php?rest_route=%2Fwp%2Fv2%2Fcomments&post=183"}],"version-history":[{"count":54,"href":"https:\/\/www.aloisiasmikrofon.de\/index.php?rest_route=\/wp\/v2\/pages\/183\/revisions"}],"predecessor-version":[{"id":1436,"href":"https:\/\/www.aloisiasmikrofon.de\/index.php?rest_route=\/wp\/v2\/pages\/183\/revisions\/1436"}],"wp:attachment":[{"href":"https:\/\/www.aloisiasmikrofon.de\/index.php?rest_route=%2Fwp%2Fv2%2Fmedia&parent=183"}],"curies":[{"name":"wp","href":"https:\/\/api.w.org\/{rel}","templated":true}]}}