{"id":464,"date":"2020-03-15T15:08:49","date_gmt":"2020-03-15T14:08:49","guid":{"rendered":"https:\/\/www.aloisiasmikrofon.de\/?page_id=464"},"modified":"2023-08-01T16:32:59","modified_gmt":"2023-08-01T14:32:59","slug":"impressum","status":"publish","type":"page","link":"https:\/\/www.aloisiasmikrofon.de\/?page_id=464","title":{"rendered":"Impressum"},"content":{"rendered":"\t\t<div data-elementor-type=\"wp-page\" data-elementor-id=\"464\" class=\"elementor elementor-464\">\n\t\t\t\t\t\t<section class=\"elementor-section elementor-top-section elementor-element elementor-element-7577551 elementor-section-boxed elementor-section-height-default elementor-section-height-default\" data-id=\"7577551\" data-element_type=\"section\" data-e-type=\"section\">\n\t\t\t\t\t\t<div class=\"elementor-container elementor-column-gap-default\">\n\t\t\t\t\t<div class=\"elementor-column elementor-col-100 elementor-top-column elementor-element elementor-element-24f1b66\" data-id=\"24f1b66\" data-element_type=\"column\" data-e-type=\"column\">\n\t\t\t<div class=\"elementor-widget-wrap elementor-element-populated\">\n\t\t\t\t\t\t<section class=\"elementor-section elementor-inner-section elementor-element elementor-element-122f768 elementor-section-boxed elementor-section-height-default elementor-section-height-default\" data-id=\"122f768\" data-element_type=\"section\" data-e-type=\"section\">\n\t\t\t\t\t\t<div class=\"elementor-container elementor-column-gap-default\">\n\t\t\t\t\t<div class=\"elementor-column elementor-col-50 elementor-inner-column elementor-element elementor-element-789b509\" data-id=\"789b509\" data-element_type=\"column\" data-e-type=\"column\">\n\t\t\t<div class=\"elementor-widget-wrap elementor-element-populated\">\n\t\t\t\t\t\t<div class=\"elementor-element elementor-element-88f5dda isa-impressum-title elementor-widget elementor-widget-heading\" data-id=\"88f5dda\" data-element_type=\"widget\" data-e-type=\"widget\" data-widget_type=\"heading.default\">\n\t\t\t\t<div class=\"elementor-widget-container\">\n\t\t\t\t\t<h1 class=\"elementor-heading-title elementor-size-default\">Impressum<\/h1>\t\t\t\t<\/div>\n\t\t\t\t<\/div>\n\t\t\t\t\t<\/div>\n\t\t<\/div>\n\t\t\t\t<div class=\"elementor-column elementor-col-50 elementor-inner-column elementor-element elementor-element-274a189\" data-id=\"274a189\" data-element_type=\"column\" data-e-type=\"column\">\n\t\t\t<div class=\"elementor-widget-wrap\">\n\t\t\t\t\t\t\t<\/div>\n\t\t<\/div>\n\t\t\t\t\t<\/div>\n\t\t<\/section>\n\t\t\t\t\t<\/div>\n\t\t<\/div>\n\t\t\t\t\t<\/div>\n\t\t<\/section>\n\t\t\t\t<section class=\"elementor-section elementor-top-section elementor-element elementor-element-df7faae elementor-section-boxed elementor-section-height-default elementor-section-height-default\" data-id=\"df7faae\" data-element_type=\"section\" data-e-type=\"section\">\n\t\t\t\t\t\t<div class=\"elementor-container elementor-column-gap-default\">\n\t\t\t\t\t<div class=\"elementor-column elementor-col-100 elementor-top-column elementor-element elementor-element-30d704c\" data-id=\"30d704c\" data-element_type=\"column\" data-e-type=\"column\">\n\t\t\t<div class=\"elementor-widget-wrap elementor-element-populated\">\n\t\t\t\t\t\t<section class=\"elementor-section elementor-inner-section elementor-element elementor-element-99ac64e elementor-section-boxed elementor-section-height-default elementor-section-height-default\" data-id=\"99ac64e\" data-element_type=\"section\" data-e-type=\"section\">\n\t\t\t\t\t\t<div class=\"elementor-container elementor-column-gap-default\">\n\t\t\t\t\t<div class=\"elementor-column elementor-col-50 elementor-inner-column elementor-element elementor-element-273f731\" data-id=\"273f731\" data-element_type=\"column\" data-e-type=\"column\">\n\t\t\t<div class=\"elementor-widget-wrap elementor-element-populated\">\n\t\t\t\t\t\t<div class=\"elementor-element elementor-element-0b23e97 isa-impressum-text elementor-widget elementor-widget-text-editor\" data-id=\"0b23e97\" data-element_type=\"widget\" data-e-type=\"widget\" data-widget_type=\"text-editor.default\">\n\t\t\t\t<div class=\"elementor-widget-container\">\n\t\t\t\t\t\t\t\t\t<p>Angaben gem\u00e4\u00df \u00a7 5 TMG:<br>Aloisia Kreienbaum<br>Graf-von-Westerholt-Str. 1a<br>59368 Werne<\/p>\n<p>Vertreten durch:<br>Aloisia Kreienbaum<\/p>\n<p>Kontakt:<br>Telefon: 01577 2363744<br>E-Mail: Aloisia.Kreienbaum@gmx.de<\/p>\n<p>Fotos: Photographie Susanne K\u00e4stner, Werne<\/p>\n<p>Dialogpartner:&nbsp;<br><span style=\"letter-spacing: 0.2px; text-transform: inherit;\">&nbsp; &nbsp; Roger Otten, K\u00f6ln,&nbsp;<br><\/span><span style=\"letter-spacing: 0.2px; text-transform: inherit;\">&nbsp; &nbsp; Sandra Busch, <\/span><a href=\"http:\/\/www.worteundspiel.de\" style=\"letter-spacing: 0.2px; text-transform: inherit; background-color: rgb(156, 156, 156);\">www.worteundspiel.de<\/a><span style=\"letter-spacing: 0.2px; text-transform: inherit;\">&nbsp;<\/span><\/p>\n<p>Musik: Lizensiert von Terrasound<\/p>\n<p>H\u00f6rprobe &#8222;Audioguide&#8220;:<br><span style=\"letter-spacing: 0.2px; text-transform: inherit;\">&nbsp; &nbsp; &nbsp;Sonja Miltenberger, Der Kurf\u00fcrstendamm \u2013 Eine perfekte B\u00fchne f\u00fcr <br>&nbsp; &nbsp; &nbsp;antisemitische Propaganda, <br>&nbsp; &nbsp; &nbsp;in:&nbsp;<\/span><span style=\"letter-spacing: 0.2px; text-transform: inherit;\">Moritz van D\u00fclmen, Wolf K\u00fchnelt, Bjoern Weigel (Hrsg.), <br>&nbsp; &nbsp; &nbsp;Zerst\u00f6rte&nbsp;<\/span><span style=\"letter-spacing: 0.2px; text-transform: inherit;\">Vielfalt. Berlin 1933-1938-<\/span><span style=\"letter-spacing: 0.2px; text-transform: inherit;\">1945. Eine Stadt erinnert sich, 3. <br>&nbsp; &nbsp; &nbsp;Aufl., Berlin 2013.<br><\/span><span style=\"letter-spacing: 0.2px; text-transform: inherit;\">&nbsp; &nbsp; &nbsp;Mit freundlicher Genehmigung der Kulturprojekte Berlin<\/span><\/p>\n<p>Haftungsausschluss:<\/p>\n<p><span style=\"letter-spacing: 0.2px; text-transform: inherit;\">Haftung f\u00fcr Inhalte<\/span><\/p>\n<p><span style=\"letter-spacing: 0.2px; text-transform: inherit;\">Die Inhalte unserer Seiten wurden mit gr\u00f6\u00dfter Sorgfalt erstellt. F\u00fcr die Richtigkeit, Vollst\u00e4ndigkeit und Aktualit\u00e4t der Inhalte k\u00f6nnen wir jedoch keine Gew\u00e4hr \u00fcbernehmen. Als Diensteanbieter sind wir gem\u00e4\u00df \u00a7 7 Abs.1 TMG f\u00fcr eigene Inhalte auf diesen Seiten nach den allgemeinen Gesetzen verantwortlich. Nach \u00a7\u00a7 8 bis 10 TMG sind wir als Diensteanbieter jedoch nicht verpflichtet, \u00fcbermittelte oder gespeicherte fremde Informationen zu \u00fcberwachen oder nach Umst\u00e4nden zu forschen, die auf eine rechtswidrige T\u00e4tigkeit hinweisen. Verpflichtungen zur Entfernung oder Sperrung der Nutzung von Informationen nach den allgemeinen Gesetzen bleiben hiervon unber\u00fchrt. Eine diesbez\u00fcgliche Haftung ist jedoch erst ab dem Zeitpunkt der Kenntnis einer konkreten Rechtsverletzung m\u00f6glich. Bei Bekanntwerden von entsprechenden Rechtsverletzungen werden wir diese Inhalte umgehend entfernen.<\/span><\/p>\n<p>Datenschutz<\/p>\n<p><span style=\"letter-spacing: 0.2px; text-transform: inherit;\">Die Nutzung unserer Webseite ist in der Regel ohne Angabe personenbezogener Daten m\u00f6glich. Soweit auf unseren Seiten personenbezogene Daten (beispielsweise Name, Anschrift oder eMail-Adressen) erhoben werden, erfolgt dies, soweit m\u00f6glich, stets auf freiwilliger Basis. Diese Daten werden ohne Ihre ausdr\u00fcckliche Zustimmung nicht an Dritte weitergegeben.<\/span><\/p>\n<p>Wir weisen darauf hin, dass die Daten\u00fcbertragung im Internet (z.B. bei der Kommunikation per E-Mail) Sicherheitsl\u00fccken aufweisen kann. Ein l\u00fcckenloser Schutz der Daten vor dem Zugriff durch Dritte ist nicht m\u00f6glich.<\/p>\n<p>Der Nutzung von im Rahmen der Impressumspflicht ver\u00f6ffentlichten Kontaktdaten durch Dritte zur \u00dcbersendung von nicht ausdr\u00fccklich angeforderter Werbung und Informationsmaterialien wird hiermit ausdr\u00fccklich widersprochen. Die Betreiber der Seiten behalten sich ausdr\u00fccklich rechtliche Schritte im Falle der unverlangten Zusendung von Werbeinformationen, etwa durch Spam-Mails, vor.<\/p>\n<div>&nbsp;<\/div>\t\t\t\t\t\t\t\t<\/div>\n\t\t\t\t<\/div>\n\t\t\t\t\t<\/div>\n\t\t<\/div>\n\t\t\t\t<div class=\"elementor-column elementor-col-50 elementor-inner-column elementor-element elementor-element-9530b05\" data-id=\"9530b05\" data-element_type=\"column\" data-e-type=\"column\">\n\t\t\t<div class=\"elementor-widget-wrap\">\n\t\t\t\t\t\t\t<\/div>\n\t\t<\/div>\n\t\t\t\t\t<\/div>\n\t\t<\/section>\n\t\t\t\t\t<\/div>\n\t\t<\/div>\n\t\t\t\t\t<\/div>\n\t\t<\/section>\n\t\t\t\t<\/div>\n\t\t","protected":false},"excerpt":{"rendered":"<p>Impressum Angaben gem\u00e4\u00df \u00a7 5 TMG:Aloisia KreienbaumGraf-von-Westerholt-Str. 1a59368 Werne Vertreten durch:Aloisia Kreienbaum Kontakt:Telefon: 01577 2363744E-Mail: Aloisia.Kreienbaum@gmx.de Fotos: Photographie Susanne K\u00e4stner, Werne Dialogpartner:&nbsp;&nbsp; &nbsp; Roger Otten, K\u00f6ln,&nbsp;&nbsp; &nbsp; Sandra Busch, www.worteundspiel.de&nbsp; Musik: Lizensiert von Terrasound H\u00f6rprobe &#8222;Audioguide&#8220;:&nbsp; &nbsp; &nbsp;Sonja Miltenberger, Der&#8230; <a class=\"di-continue-reading\" href=\"https:\/\/www.aloisiasmikrofon.de\/?page_id=464\"> Continue Reading&#8230;<\/a><\/p>\n","protected":false},"author":1,"featured_media":0,"parent":0,"menu_order":0,"comment_status":"closed","ping_status":"closed","template":"","meta":{"h5ap_radio_sources":[],"footnotes":""},"class_list":["post-464","page","type-page","status-publish","hentry"],"_links":{"self":[{"href":"https:\/\/www.aloisiasmikrofon.de\/index.php?rest_route=\/wp\/v2\/pages\/464","targetHints":{"allow":["GET"]}}],"collection":[{"href":"https:\/\/www.aloisiasmikrofon.de\/index.php?rest_route=\/wp\/v2\/pages"}],"about":[{"href":"https:\/\/www.aloisiasmikrofon.de\/index.php?rest_route=\/wp\/v2\/types\/page"}],"author":[{"embeddable":true,"href":"https:\/\/www.aloisiasmikrofon.de\/index.php?rest_route=\/wp\/v2\/users\/1"}],"replies":[{"embeddable":true,"href":"https:\/\/www.aloisiasmikrofon.de\/index.php?rest_route=%2Fwp%2Fv2%2Fcomments&post=464"}],"version-history":[{"count":27,"href":"https:\/\/www.aloisiasmikrofon.de\/index.php?rest_route=\/wp\/v2\/pages\/464\/revisions"}],"predecessor-version":[{"id":1034,"href":"https:\/\/www.aloisiasmikrofon.de\/index.php?rest_route=\/wp\/v2\/pages\/464\/revisions\/1034"}],"wp:attachment":[{"href":"https:\/\/www.aloisiasmikrofon.de\/index.php?rest_route=%2Fwp%2Fv2%2Fmedia&parent=464"}],"curies":[{"name":"wp","href":"https:\/\/api.w.org\/{rel}","templated":true}]}}